{"id":142,"date":"2019-01-30T15:43:39","date_gmt":"2019-01-30T15:43:39","guid":{"rendered":"http:\/\/krippe-kruemelkeks.de\/?page_id=142"},"modified":"2023-05-10T09:32:04","modified_gmt":"2023-05-10T09:32:04","slug":"taegliches-spiel","status":"publish","type":"page","link":"https:\/\/krippe-kruemelkeks.de\/?page_id=142","title":{"rendered":"T\u00e4gliches Spiel"},"content":{"rendered":"<p><strong>Das t\u00e4gliche Spiel<\/strong><br \/>\nDas Spiel ist f\u00fcr die Entwicklung der Kinder eine wichtige Voraussetzung. Hier setzt sich das Kind aktiv mit seiner Umwelt auseinander. Es entwickelt sich geistige und k\u00f6rperliche F\u00e4higkeiten an, Ausdauer sowie Konzentration bilden sich immer mehr aus. Wir schaffen f\u00fcr unsere Kinder einen angemessenen Raum f\u00fcr freies und an geleitendes Spiel.<br \/>\nBeobachtungen verraten uns was, unsere Kinder gerade besch\u00e4ftigt.<br \/>\nWelche Themen, Rollen Gegenst\u00e4nde oder Figuren f\u00fcr sie derzeit eine wichtige Rolle spielen, darauf bauen wir dann unsere gezielten Angebote \/ Projekte auf.<\/p>\n<p>&nbsp;<\/p>\n","protected":false},"excerpt":{"rendered":"<p>Das t\u00e4gliche Spiel Das Spiel ist f\u00fcr die Entwicklung der Kinder eine wichtige Voraussetzung. Hier setzt sich das Kind aktiv mit seiner Umwelt auseinander. Es entwickelt sich geistige und k\u00f6rperliche F\u00e4higkeiten an, Ausdauer sowie Konzentration bilden sich immer mehr aus. Wir schaffen f\u00fcr unsere Kinder einen angemessenen Raum f\u00fcr freies und an geleitendes Spiel. Beobachtungen [&hellip;]<\/p>\n","protected":false},"author":1,"featured_media":0,"parent":0,"menu_order":0,"comment_status":"closed","ping_status":"closed","template":"","meta":{"_et_pb_use_builder":"","_et_pb_old_content":"","_et_gb_content_width":""},"_links":{"self":[{"href":"https:\/\/krippe-kruemelkeks.de\/index.php?rest_route=\/wp\/v2\/pages\/142"}],"collection":[{"href":"https:\/\/krippe-kruemelkeks.de\/index.php?rest_route=\/wp\/v2\/pages"}],"about":[{"href":"https:\/\/krippe-kruemelkeks.de\/index.php?rest_route=\/wp\/v2\/types\/page"}],"author":[{"embeddable":true,"href":"https:\/\/krippe-kruemelkeks.de\/index.php?rest_route=\/wp\/v2\/users\/1"}],"replies":[{"embeddable":true,"href":"https:\/\/krippe-kruemelkeks.de\/index.php?rest_route=%2Fwp%2Fv2%2Fcomments&post=142"}],"version-history":[{"count":3,"href":"https:\/\/krippe-kruemelkeks.de\/index.php?rest_route=\/wp\/v2\/pages\/142\/revisions"}],"predecessor-version":[{"id":223,"href":"https:\/\/krippe-kruemelkeks.de\/index.php?rest_route=\/wp\/v2\/pages\/142\/revisions\/223"}],"wp:attachment":[{"href":"https:\/\/krippe-kruemelkeks.de\/index.php?rest_route=%2Fwp%2Fv2%2Fmedia&parent=142"}],"curies":[{"name":"wp","href":"https:\/\/api.w.org\/{rel}","templated":true}]}}