{"id":145,"date":"2019-01-30T15:43:48","date_gmt":"2019-01-30T15:43:48","guid":{"rendered":"http:\/\/krippe-kruemelkeks.de\/?page_id=145"},"modified":"2023-05-10T09:31:33","modified_gmt":"2023-05-10T09:31:33","slug":"natur-pur","status":"publish","type":"page","link":"https:\/\/krippe-kruemelkeks.de\/?page_id=145","title":{"rendered":"Natur Pur"},"content":{"rendered":"<p><strong>Natur Pur<br \/>\n<\/strong>Kinder brauchen Natur und Kinder lieben echte Abenteuer. Sie m\u00f6gen Abwechslung und Bewegung, aber auch Ruhe und Entspannung. Der Wald ist daf\u00fcr ideal geeignet, er ist f\u00fcr Kinder ein Ort\u00a0der besonderen Art. Wald Tage erm\u00f6glichen Kindern intensive Naturerlebnisse. Sie bieten viel Raum f\u00fcr ihre Bewegungs- und Entdeckungsfreude. Im Wald kann eine Ruhe erfahren werden, wie sie die Kinder in ihrem Alltag h\u00e4ufig kaum noch erleben. Hier werden Dinge bemerkt, die einem vorher nicht mehr bewusst waren wie z.B. das Rauschen\u00a0der Bl\u00e4tter im Wind oder ein kleiner K\u00e4fer. Die Kinder\u00a0k\u00f6nnen hier\u00a0ihre eigenen Grenzen erforschen und erweitern. Im Wald, ohne vorgefertigtes Spielzeug, mit geheimnisvoll wirkenden B\u00e4umen und ungewohnten Ger\u00e4uschen wird die Fantasie und Kreativit\u00e4t der Kinder angeregt.<\/p>\n<p>Im behutsamen Umgang mit Pflanzen und Tieren des Waldes lernen Kinder ganz nebenbei die Natur zu sch\u00e4tzen und zu sch\u00fctzen.<\/p>\n<p>&nbsp;<\/p>\n","protected":false},"excerpt":{"rendered":"<p>Natur Pur Kinder brauchen Natur und Kinder lieben echte Abenteuer. Sie m\u00f6gen Abwechslung und Bewegung, aber auch Ruhe und Entspannung. Der Wald ist daf\u00fcr ideal geeignet, er ist f\u00fcr Kinder ein Ort\u00a0der besonderen Art. Wald Tage erm\u00f6glichen Kindern intensive Naturerlebnisse. Sie bieten viel Raum f\u00fcr ihre Bewegungs- und Entdeckungsfreude. Im Wald kann eine Ruhe erfahren [&hellip;]<\/p>\n","protected":false},"author":1,"featured_media":0,"parent":0,"menu_order":0,"comment_status":"closed","ping_status":"closed","template":"","meta":{"_et_pb_use_builder":"","_et_pb_old_content":"","_et_gb_content_width":""},"_links":{"self":[{"href":"https:\/\/krippe-kruemelkeks.de\/index.php?rest_route=\/wp\/v2\/pages\/145"}],"collection":[{"href":"https:\/\/krippe-kruemelkeks.de\/index.php?rest_route=\/wp\/v2\/pages"}],"about":[{"href":"https:\/\/krippe-kruemelkeks.de\/index.php?rest_route=\/wp\/v2\/types\/page"}],"author":[{"embeddable":true,"href":"https:\/\/krippe-kruemelkeks.de\/index.php?rest_route=\/wp\/v2\/users\/1"}],"replies":[{"embeddable":true,"href":"https:\/\/krippe-kruemelkeks.de\/index.php?rest_route=%2Fwp%2Fv2%2Fcomments&post=145"}],"version-history":[{"count":4,"href":"https:\/\/krippe-kruemelkeks.de\/index.php?rest_route=\/wp\/v2\/pages\/145\/revisions"}],"predecessor-version":[{"id":222,"href":"https:\/\/krippe-kruemelkeks.de\/index.php?rest_route=\/wp\/v2\/pages\/145\/revisions\/222"}],"wp:attachment":[{"href":"https:\/\/krippe-kruemelkeks.de\/index.php?rest_route=%2Fwp%2Fv2%2Fmedia&parent=145"}],"curies":[{"name":"wp","href":"https:\/\/api.w.org\/{rel}","templated":true}]}}