{"id":151,"date":"2019-01-30T15:44:24","date_gmt":"2019-01-30T15:44:24","guid":{"rendered":"http:\/\/krippe-kruemelkeks.de\/?page_id=151"},"modified":"2023-05-10T09:33:02","modified_gmt":"2023-05-10T09:33:02","slug":"koerperwahrnehmung","status":"publish","type":"page","link":"https:\/\/krippe-kruemelkeks.de\/?page_id=151","title":{"rendered":"K\u00f6rperwahrnehmung"},"content":{"rendered":"<p><strong>K\u00f6rperwahrnehmung<br \/>\n<\/strong>Wir leben, um ber\u00fchrt zu werden.<br \/>\nWahrnehmung ist f\u00fcr unsere Kleinsten der Zugang zur Welt. Sie\u00a0erobern die Welt mit all ihren Sinnen, nur so k\u00f6nnen sie lernen ihre Welt zu bereifen.<\/p>\n<p>Ganz wichtig f\u00fcr die Wahrnehmung ist das F\u00fchlen.\u00a0 Kinder lieben es, zu ber\u00fchren sowie ber\u00fchrt zu werden. Wir m\u00f6chten unseren Kindern den Raum schenken, ihre eigene K\u00f6rperwahrnehmung zu sp\u00fcren und zu f\u00f6rdern. F\u00fcr Kinder sind Ber\u00fchrungen ebenso\u00a0wichtig wie Nahrung.<\/p>\n<p>Im Vordergrund des Ber\u00fchrungskonzepts steht nicht die Massage als Technik, sondern die Vermittlung von Achtsamkeit. Wir lernen einen respektvollen und achtsamen Umgang mit einander.<\/p>\n<p>&nbsp;<\/p>\n","protected":false},"excerpt":{"rendered":"<p>K\u00f6rperwahrnehmung Wir leben, um ber\u00fchrt zu werden. Wahrnehmung ist f\u00fcr unsere Kleinsten der Zugang zur Welt. Sie\u00a0erobern die Welt mit all ihren Sinnen, nur so k\u00f6nnen sie lernen ihre Welt zu bereifen. Ganz wichtig f\u00fcr die Wahrnehmung ist das F\u00fchlen.\u00a0 Kinder lieben es, zu ber\u00fchren sowie ber\u00fchrt zu werden. Wir m\u00f6chten unseren Kindern den Raum [&hellip;]<\/p>\n","protected":false},"author":1,"featured_media":0,"parent":0,"menu_order":0,"comment_status":"closed","ping_status":"closed","template":"","meta":{"_et_pb_use_builder":"","_et_pb_old_content":"","_et_gb_content_width":""},"_links":{"self":[{"href":"https:\/\/krippe-kruemelkeks.de\/index.php?rest_route=\/wp\/v2\/pages\/151"}],"collection":[{"href":"https:\/\/krippe-kruemelkeks.de\/index.php?rest_route=\/wp\/v2\/pages"}],"about":[{"href":"https:\/\/krippe-kruemelkeks.de\/index.php?rest_route=\/wp\/v2\/types\/page"}],"author":[{"embeddable":true,"href":"https:\/\/krippe-kruemelkeks.de\/index.php?rest_route=\/wp\/v2\/users\/1"}],"replies":[{"embeddable":true,"href":"https:\/\/krippe-kruemelkeks.de\/index.php?rest_route=%2Fwp%2Fv2%2Fcomments&post=151"}],"version-history":[{"count":5,"href":"https:\/\/krippe-kruemelkeks.de\/index.php?rest_route=\/wp\/v2\/pages\/151\/revisions"}],"predecessor-version":[{"id":225,"href":"https:\/\/krippe-kruemelkeks.de\/index.php?rest_route=\/wp\/v2\/pages\/151\/revisions\/225"}],"wp:attachment":[{"href":"https:\/\/krippe-kruemelkeks.de\/index.php?rest_route=%2Fwp%2Fv2%2Fmedia&parent=151"}],"curies":[{"name":"wp","href":"https:\/\/api.w.org\/{rel}","templated":true}]}}