{"id":157,"date":"2019-01-30T15:44:46","date_gmt":"2019-01-30T15:44:46","guid":{"rendered":"http:\/\/krippe-kruemelkeks.de\/?page_id=157"},"modified":"2023-05-10T09:34:24","modified_gmt":"2023-05-10T09:34:24","slug":"musik","status":"publish","type":"page","link":"https:\/\/krippe-kruemelkeks.de\/?page_id=157","title":{"rendered":"Musik"},"content":{"rendered":"<p><strong>Musik<br \/>\n<\/strong>Schon f\u00fcr die ganz kleinen spielt Musik eine wichtige Rolle in der Entwicklung.<\/p>\n<p>Kinder lieben musizieren und singen, besonders die hohen T\u00f6ne k\u00f6nnen schon ab einem Alter von 9 Monaten bewusst wahrgenommen werden. Das Ausprobieren von Instrumenten, das Singen in Verbindung mit Bewegungen,sowie Reime f\u00f6rdern nicht nur die Motorik,sondern ebenso das musikalische Verst\u00e4ndnis und die Sprache der Kinder.<\/p>\n<p>Das Sehen, H\u00f6ren und Bewegen bilden eine Einheit und werden gleicherma\u00dfen gef\u00f6rdert.<\/p>\n<p>Gemeinsames Singen begleitet uns jeden Tag im Krippenalltag und ist ein wichtiger Bestandteil des Tagesablaufes. Des Weiteren bieten wir den Kindern an, sich in Kleingruppen musikalisch auszuprobieren und zu entdecken.<\/p>\n<p>&nbsp;<\/p>\n","protected":false},"excerpt":{"rendered":"<p>Musik Schon f\u00fcr die ganz kleinen spielt Musik eine wichtige Rolle in der Entwicklung. Kinder lieben musizieren und singen, besonders die hohen T\u00f6ne k\u00f6nnen schon ab einem Alter von 9 Monaten bewusst wahrgenommen werden. Das Ausprobieren von Instrumenten, das Singen in Verbindung mit Bewegungen,sowie Reime f\u00f6rdern nicht nur die Motorik,sondern ebenso das musikalische Verst\u00e4ndnis und [&hellip;]<\/p>\n","protected":false},"author":1,"featured_media":0,"parent":0,"menu_order":0,"comment_status":"closed","ping_status":"closed","template":"","meta":{"_et_pb_use_builder":"","_et_pb_old_content":"","_et_gb_content_width":""},"_links":{"self":[{"href":"https:\/\/krippe-kruemelkeks.de\/index.php?rest_route=\/wp\/v2\/pages\/157"}],"collection":[{"href":"https:\/\/krippe-kruemelkeks.de\/index.php?rest_route=\/wp\/v2\/pages"}],"about":[{"href":"https:\/\/krippe-kruemelkeks.de\/index.php?rest_route=\/wp\/v2\/types\/page"}],"author":[{"embeddable":true,"href":"https:\/\/krippe-kruemelkeks.de\/index.php?rest_route=\/wp\/v2\/users\/1"}],"replies":[{"embeddable":true,"href":"https:\/\/krippe-kruemelkeks.de\/index.php?rest_route=%2Fwp%2Fv2%2Fcomments&post=157"}],"version-history":[{"count":4,"href":"https:\/\/krippe-kruemelkeks.de\/index.php?rest_route=\/wp\/v2\/pages\/157\/revisions"}],"predecessor-version":[{"id":227,"href":"https:\/\/krippe-kruemelkeks.de\/index.php?rest_route=\/wp\/v2\/pages\/157\/revisions\/227"}],"wp:attachment":[{"href":"https:\/\/krippe-kruemelkeks.de\/index.php?rest_route=%2Fwp%2Fv2%2Fmedia&parent=157"}],"curies":[{"name":"wp","href":"https:\/\/api.w.org\/{rel}","templated":true}]}}