{"id":6,"date":"2019-01-26T19:19:53","date_gmt":"2019-01-26T19:19:53","guid":{"rendered":"http:\/\/krippe-kruemelkeks.de\/?page_id=6"},"modified":"2023-05-10T08:50:34","modified_gmt":"2023-05-10T08:50:34","slug":"startseite","status":"publish","type":"page","link":"https:\/\/krippe-kruemelkeks.de\/","title":{"rendered":"Startseite"},"content":{"rendered":"<p><img decoding=\"async\" loading=\"lazy\" class=\" wp-image-182 aligncenter\" src=\"http:\/\/krippe-kruemelkeks.de\/wp-content\/uploads\/2019\/01\/Kinderkrippe-e.V-207x300.jpg\" alt=\"\" width=\"317\" height=\"459\" srcset=\"https:\/\/krippe-kruemelkeks.de\/wp-content\/uploads\/2019\/01\/Kinderkrippe-e.V-207x300.jpg 207w, https:\/\/krippe-kruemelkeks.de\/wp-content\/uploads\/2019\/01\/Kinderkrippe-e.V-768x1115.jpg 768w, https:\/\/krippe-kruemelkeks.de\/wp-content\/uploads\/2019\/01\/Kinderkrippe-e.V-706x1024.jpg 706w\" sizes=\"(max-width: 317px) 100vw, 317px\" \/><\/p>\n<p style=\"text-align: center;\"><span style=\"color: #000000;\"><strong>Zu Hause ist es bekanntlich immer am sch\u00f6nsten&#8230;<\/strong><\/span><\/p>\n<p style=\"text-align: center;\"><span style=\"color: #000000;\"><strong>Mit viel Liebe und Freude an der Arbeit bilden wir alle gemeinsam f\u00fcr die Kinder eine liebevolle Familie f\u00fcr Tags\u00fcber.<\/strong><\/span><\/p>\n<p>&nbsp;<\/p>\n","protected":false},"excerpt":{"rendered":"<p>Zu Hause ist es bekanntlich immer am sch\u00f6nsten&#8230; Mit viel Liebe und Freude an der Arbeit bilden wir alle gemeinsam f\u00fcr die Kinder eine liebevolle Familie f\u00fcr Tags\u00fcber. &nbsp;<\/p>\n","protected":false},"author":1,"featured_media":0,"parent":0,"menu_order":0,"comment_status":"closed","ping_status":"closed","template":"","meta":{"_et_pb_use_builder":"","_et_pb_old_content":"","_et_gb_content_width":""},"_links":{"self":[{"href":"https:\/\/krippe-kruemelkeks.de\/index.php?rest_route=\/wp\/v2\/pages\/6"}],"collection":[{"href":"https:\/\/krippe-kruemelkeks.de\/index.php?rest_route=\/wp\/v2\/pages"}],"about":[{"href":"https:\/\/krippe-kruemelkeks.de\/index.php?rest_route=\/wp\/v2\/types\/page"}],"author":[{"embeddable":true,"href":"https:\/\/krippe-kruemelkeks.de\/index.php?rest_route=\/wp\/v2\/users\/1"}],"replies":[{"embeddable":true,"href":"https:\/\/krippe-kruemelkeks.de\/index.php?rest_route=%2Fwp%2Fv2%2Fcomments&post=6"}],"version-history":[{"count":4,"href":"https:\/\/krippe-kruemelkeks.de\/index.php?rest_route=\/wp\/v2\/pages\/6\/revisions"}],"predecessor-version":[{"id":211,"href":"https:\/\/krippe-kruemelkeks.de\/index.php?rest_route=\/wp\/v2\/pages\/6\/revisions\/211"}],"wp:attachment":[{"href":"https:\/\/krippe-kruemelkeks.de\/index.php?rest_route=%2Fwp%2Fv2%2Fmedia&parent=6"}],"curies":[{"name":"wp","href":"https:\/\/api.w.org\/{rel}","templated":true}]}}